{"id":40,"date":"2025-08-05T18:47:05","date_gmt":"2025-08-05T18:47:05","guid":{"rendered":"http:\/\/ecole-musique-bayonnais.fr\/?page_id=40"},"modified":"2025-09-06T21:13:35","modified_gmt":"2025-09-06T20:13:35","slug":"cours-ateliers","status":"publish","type":"page","link":"https:\/\/ecole-musique-bayonnais.fr\/?page_id=40","title":{"rendered":"Cours &#038; Ateliers"},"content":{"rendered":"\n<div class=\"wp-block-cover aligncenter\" style=\"min-height:200px;aspect-ratio:unset;\"><img loading=\"lazy\" decoding=\"async\" width=\"1600\" height=\"1200\" class=\"wp-block-cover__image-background wp-image-97 size-full\" alt=\"\" src=\"http:\/\/ecole-musique-bayonnais.fr\/wp-content\/uploads\/2025\/08\/IMG-20250410-WA0010.jpg\" style=\"object-position:46% 42%\" data-object-fit=\"cover\" data-object-position=\"46% 42%\" srcset=\"https:\/\/ecole-musique-bayonnais.fr\/wp-content\/uploads\/2025\/08\/IMG-20250410-WA0010.jpg 1600w, https:\/\/ecole-musique-bayonnais.fr\/wp-content\/uploads\/2025\/08\/IMG-20250410-WA0010-300x225.jpg 300w, https:\/\/ecole-musique-bayonnais.fr\/wp-content\/uploads\/2025\/08\/IMG-20250410-WA0010-1024x768.jpg 1024w, https:\/\/ecole-musique-bayonnais.fr\/wp-content\/uploads\/2025\/08\/IMG-20250410-WA0010-768x576.jpg 768w, https:\/\/ecole-musique-bayonnais.fr\/wp-content\/uploads\/2025\/08\/IMG-20250410-WA0010-1536x1152.jpg 1536w\" sizes=\"auto, (max-width: 1600px) 100vw, 1600px\" \/><span aria-hidden=\"true\" class=\"wp-block-cover__background has-background-dim-0 has-background-dim\"><\/span><div class=\"wp-block-cover__inner-container is-layout-constrained wp-block-cover-is-layout-constrained\">\n<div class=\"wp-block-columns is-layout-flex wp-container-core-columns-is-layout-9d6595d7 wp-block-columns-is-layout-flex\">\n<div class=\"wp-block-column is-layout-flow wp-block-column-is-layout-flow\" style=\"flex-basis:66.66%\"><\/div>\n\n\n\n<div class=\"wp-block-column is-layout-flow wp-block-column-is-layout-flow\" style=\"flex-basis:25%\">\n<div class=\"wp-block-buttons alignwide is-content-justification-center is-layout-flex wp-container-core-buttons-is-layout-16018d1d wp-block-buttons-is-layout-flex\">\n<div class=\"wp-block-button has-custom-width wp-block-button__width-75 is-style-fill\"><a class=\"wp-block-button__link has-white-color has-text-color has-background has-link-color has-small-font-size has-custom-font-size wp-element-button\" href=\"https:\/\/forms.gle\/xApWuZ3BfiZWB4Fq8\" style=\"background-color:#61bbf8\">S&rsquo;inscrire pour la saison 2025-2026<\/a><\/div>\n<\/div>\n<\/div>\n<\/div>\n\n\n\n<div class=\"wp-block-columns is-layout-flex wp-container-core-columns-is-layout-9d6595d7 wp-block-columns-is-layout-flex\">\n<div class=\"wp-block-column is-layout-flow wp-block-column-is-layout-flow\">\n<div class=\"wp-block-columns is-layout-flex wp-container-core-columns-is-layout-9d6595d7 wp-block-columns-is-layout-flex\">\n<div class=\"wp-block-column is-layout-flow wp-block-column-is-layout-flow\" style=\"flex-basis:10%\"><\/div>\n\n\n\n<div class=\"wp-block-column is-layout-flow wp-block-column-is-layout-flow\">\n<div class=\"wp-block-columns alignfull is-layout-flex wp-container-core-columns-is-layout-9d6595d7 wp-block-columns-is-layout-flex\">\n<div class=\"wp-block-column has-black-color has-text-color has-link-color wp-elements-f64c2f4a4c5f601b42c733cab416d596 is-layout-flow wp-block-column-is-layout-flow\" style=\"flex-basis:100%\">\n<div class=\"wp-block-columns is-layout-flex wp-container-core-columns-is-layout-9d6595d7 wp-block-columns-is-layout-flex\">\n<div class=\"wp-block-column has-black-color has-text-color has-background has-link-color wp-elements-3d78bc21b3543cf9e439100f1d7f2d12 is-layout-flow wp-block-column-is-layout-flow\" style=\"background-color:#f4efeb\">\n<p><\/p>\n\n\n\n<h2 class=\"wp-block-heading has-text-align-center\" style=\"font-size:26px\">Les cours individuels<\/h2>\n\n\n\n<hr class=\"wp-block-separator has-alpha-channel-opacity\"\/>\n\n\n\n<div class=\"wp-block-columns is-layout-flex wp-container-core-columns-is-layout-9d6595d7 wp-block-columns-is-layout-flex\">\n<div class=\"wp-block-column is-layout-flow wp-block-column-is-layout-flow\" style=\"flex-basis:5%\"><\/div>\n\n\n\n<div class=\"wp-block-column is-layout-flow wp-block-column-is-layout-flow\">\n<p><\/p>\n\n\n\n<p class=\"has-text-align-center has-black-color has-text-color has-link-color wp-elements-2be4fbb909d45e10d7c55417f4eaa911\"><strong>CHANT<\/strong><\/p>\n\n\n\n<p><\/p>\n\n\n\n<p class=\"has-text-align-center has-black-color has-text-color has-link-color wp-elements-e7eedb990440f14d2c52a2ddd7dbb862\"><strong>CORDES <\/strong><\/p>\n\n\n\n<p class=\"has-text-align-center has-black-color has-text-color has-link-color wp-elements-9eba8ffd0c67b9e699d3c5d8f284876a\">Piano \/ Clavier <\/p>\n\n\n\n<p class=\"has-text-align-center has-black-color has-text-color has-link-color wp-elements-11b485a986712dcac0d5518e3e82cfae\">Violon<\/p>\n\n\n\n<p class=\"has-text-align-center has-black-color has-text-color has-link-color wp-elements-6763ebfe65609fd87a9de46d1aa71917\">Guitare classique<\/p>\n\n\n\n<p class=\"has-text-align-center has-black-color has-text-color has-link-color wp-elements-9d823ae785b7af7f0c3cb56a1a79b410\">Guitare \u00e9lectrique&nbsp;<\/p>\n\n\n\n<p class=\"has-text-align-center has-black-color has-text-color has-link-color wp-elements-153938c2198db67304e6c87c0f7b5e8f\">Guitare basse <\/p>\n\n\n\n<p class=\"has-text-align-center\">Luth\/Archiluth<\/p>\n\n\n\n<p class=\"has-text-align-center has-black-color has-text-color has-link-color wp-elements-ed755f27ca4c6feab2df1c52845c3ef7\"><strong>PERCUSSIONS<\/strong><\/p>\n\n\n\n<p class=\"has-text-align-center has-black-color has-text-color has-link-color wp-elements-8a23315d3af912223d8d2368078a3d6c\">Batterie<\/p>\n<\/div>\n\n\n\n<div class=\"wp-block-column is-layout-flow wp-block-column-is-layout-flow\">\n<p><\/p>\n\n\n\n<p class=\"has-text-align-center has-black-color has-text-color has-link-color wp-elements-1d240c164db476b2a256ba4402ad6aca\"><strong>BOIS<\/strong><\/p>\n\n\n\n<p class=\"has-text-align-center has-black-color has-text-color has-link-color wp-elements-9d26f182ffc09adaa9573503730072b5\">Fl\u00fbte traversi\u00e8re <\/p>\n\n\n\n<p class=\"has-text-align-center has-black-color has-text-color has-link-color wp-elements-16003160679baeddc8f06d0ff015c8e8\">Clarinette<\/p>\n\n\n\n<p class=\"has-text-align-center has-black-color has-text-color has-link-color wp-elements-e635b40699395b9bacc1b49725c31641\">Saxophone<\/p>\n\n\n\n<p><\/p>\n\n\n\n<p class=\"has-text-align-center has-black-color has-text-color has-link-color wp-elements-261e5d55bd30f8c86e514a8bb783b051\"><strong>CUIVRES<\/strong><\/p>\n\n\n\n<p class=\"has-text-align-center has-black-color has-text-color has-link-color wp-elements-2456c2af68aa7f0ad96254f89d5b01fb\">Trompette<\/p>\n\n\n\n<p class=\"has-text-align-center has-black-color has-text-color has-link-color wp-elements-0ea5efffd266ecce72c5fba051cee4ce\">Trombone&nbsp;<\/p>\n\n\n\n<p class=\"has-text-align-center has-black-color has-text-color has-link-color wp-elements-26c68b3025a79cb02b1513430029d443\">Tuba<\/p>\n\n\n\n<p class=\"has-text-align-center has-black-color has-text-color has-link-color wp-elements-e9a02b2a80c2294d96792f59375e6714\">Euphonium&nbsp;<\/p>\n\n\n\n<p class=\"has-text-align-center has-black-color has-text-color has-link-color wp-elements-31ef8a46bf82daa30dab4b6adf99fd54\"><\/p>\n<\/div>\n\n\n\n<div class=\"wp-block-column is-layout-flow wp-block-column-is-layout-flow\" style=\"flex-basis:5%\"><\/div>\n<\/div>\n\n\n\n<p class=\"has-black-color has-text-color has-background has-link-color wp-elements-0dfbd95304f01a2f1508bdc7d02ab4ee\" style=\"background-color:#f4efeb\"><\/p>\n\n\n\n<p class=\"has-black-color has-text-color has-link-color wp-elements-9ac00cf961d1ea846fe5a532228b76c6\"><\/p>\n<\/div>\n\n\n\n<div class=\"wp-block-column is-layout-flow wp-block-column-is-layout-flow\" style=\"flex-basis:5%\"><\/div>\n\n\n\n<div class=\"wp-block-column has-black-color has-text-color has-background has-link-color wp-elements-ac5186109926607b9c080252f3e4bb65 is-layout-flow wp-block-column-is-layout-flow\" style=\"background-color:#f4efeb\">\n<p><\/p>\n\n\n\n<h2 class=\"wp-block-heading has-text-align-center\" style=\"font-size:26px\">Les cours collectifs<\/h2>\n\n\n\n<hr class=\"wp-block-separator has-alpha-channel-opacity\"\/>\n\n\n\n<div class=\"wp-block-columns is-layout-flex wp-container-core-columns-is-layout-9d6595d7 wp-block-columns-is-layout-flex\">\n<div class=\"wp-block-column is-layout-flow wp-block-column-is-layout-flow\" style=\"flex-basis:5%\"><\/div>\n\n\n\n<div class=\"wp-block-column is-layout-flow wp-block-column-is-layout-flow\">\n<p class=\"has-text-align-center has-black-color has-text-color has-link-color wp-elements-d81228a8799fa37a273473b975a3032c\"><strong>EVEIL <\/strong><\/p>\n\n\n\n<p class=\"has-text-align-center has-black-color has-text-color has-link-color wp-elements-c8c01686fdf0fcce9be1e4d29506b931\">Eveil musical (de 3 \u00e0 5 ans)<\/p>\n\n\n\n<p class=\"has-text-align-center has-black-color has-text-color has-link-color wp-elements-34a81df69eb94da26bbd86d54cdfa186\"><strong>SOLFEGE<\/strong><\/p>\n\n\n\n<p class=\"has-text-align-center has-black-color has-text-color has-link-color wp-elements-265bd3131a890d02f9a7e932f4d019c4\">Solf\u00e8ge : d\u00e9butants<\/p>\n\n\n\n<p class=\"has-text-align-center has-black-color has-text-color has-link-color wp-elements-26768b339aa458d9266a4637afb21236\">Solf\u00e8ge : avanc\u00e9s<\/p>\n\n\n\n<p class=\"has-text-align-center has-black-color has-text-color has-link-color wp-elements-bf4dc57d373c89336ba256dccb0e9186\"><strong>ATELIERS DE 60 MIN.<\/strong><\/p>\n\n\n\n<p class=\"has-text-align-center has-black-color has-text-color has-link-color wp-elements-7b00aab6b7d9c3312ad4a351d1a27663\">Chorale d&rsquo;enfants (\u00e0 partir de 6 ans)<\/p>\n\n\n\n<p class=\"has-text-align-center has-black-color has-text-color has-link-color wp-elements-ca9a02e6fcc2f58457a707a9683a44b5\">Ensemble instrumental pour enfants<\/p>\n\n\n\n<p class=\"has-text-align-center has-black-color has-text-color has-link-color wp-elements-23100b479fdb8a533c0b92ddef30e643\">Etudes de morceaux pour adultes<\/p>\n<\/div>\n\n\n\n<div class=\"wp-block-column is-layout-flow wp-block-column-is-layout-flow\">\n<p class=\"has-text-align-center has-black-color has-text-color has-link-color wp-elements-fd3443de61934da63abf1ce1b49c204d\"><strong>ATELIERS DE 90 MIN.<\/strong><\/p>\n\n\n\n<p class=\"has-text-align-center has-black-color has-text-color has-link-color wp-elements-ab67a75bbb8b6e0bf0910f84c16eb487\">Chorale d&rsquo;adultes musique actuelle<\/p>\n\n\n\n<p class=\"has-text-align-center has-black-color has-text-color has-link-color wp-elements-8b04c4a9776e90c9fd7aaa9c61ccc396\">Rock adultes<\/p>\n\n\n\n<p class=\"has-text-align-center has-black-color has-text-color has-link-color wp-elements-5652401996e130e19563f58ec82225a0\">Ensemble vents adultes<\/p>\n\n\n\n<p class=\"has-text-align-center has-black-color has-text-color has-link-color wp-elements-fb6678bce98ef8322f94dd84c2c1d86c\">Ensemble guitares s\u00e8ches musique du monde<\/p>\n\n\n\n<p class=\"has-text-align-center has-black-color has-text-color has-link-color wp-elements-13fb3ca925546d10a4e02619f41d409b\">Percussions<\/p>\n<\/div>\n\n\n\n<div class=\"wp-block-column is-layout-flow wp-block-column-is-layout-flow\" style=\"flex-basis:5%\"><\/div>\n<\/div>\n\n\n\n<p class=\"has-black-color has-text-color has-background has-link-color wp-elements-0dfbd95304f01a2f1508bdc7d02ab4ee\" style=\"background-color:#f4efeb\"><\/p>\n\n\n\n<p class=\"has-black-color has-text-color has-link-color wp-elements-9ac00cf961d1ea846fe5a532228b76c6\"><\/p>\n<\/div>\n<\/div>\n\n\n\n<hr class=\"wp-block-separator has-alpha-channel-opacity\"\/>\n<\/div>\n<\/div>\n<\/div>\n\n\n\n<div class=\"wp-block-column is-layout-flow wp-block-column-is-layout-flow\" style=\"flex-basis:10%\"><\/div>\n<\/div>\n<\/div>\n<\/div>\n<\/div><\/div>\n\n\n\n<p class=\"has-text-align-left\"><strong>Planning et horaires des cours collectifs :<\/strong><\/p>\n\n\n\n<p>Eveil Musical : jeudi 16h30-17h15<\/p>\n\n\n\n<p>Chorale enfants : jeudi 17h20-18h20<\/p>\n\n\n\n<p>Ensemble musical enfants : jeudi 18h30-19h30<\/p>\n\n\n\n<p>Solf\u00e8ge : vendredi 16h30-17h15 (d\u00e9butants) ou 17h20-18h05 (avanc\u00e9s)<\/p>\n\n\n\n<p>Atelier percussion : lundi 19h30-21h<\/p>\n\n\n\n<p>Etude de morceaux pour adultes : mardi 19h30-20h30<\/p>\n\n\n\n<p>Ensemble cuivre : mardi 20h30-22h<\/p>\n\n\n\n<p>Ensemble guitare improvisation \u00e9clectique : mercredi apr\u00e8s-midi<\/p>\n\n\n\n<p>Chorale adultes : mercredi 19h-20h30<\/p>\n\n\n\n<p>Atelier rock adultes : jeudi 20h30-22h<\/p>\n\n\n\n<p><\/p>\n\n\n\n<p><strong>Planning et horaires de cours individuels :<\/strong><\/p>\n\n\n\n<p>Chant\u00a0: mercredi apr\u00e8s-midi, jeudi apr\u00e8s-midi<\/p>\n\n\n\n<p>Saxo\/clarinette\u00a0: samedi<\/p>\n\n\n\n<p>Cuivres\u00a0: mardi apr\u00e8s-midi (tous), vendredi apr\u00e8s-midi (trompette)<\/p>\n\n\n\n<p>Flute traversi\u00e8re\u00a0: samedi matin<\/p>\n\n\n\n<p>Guitare\u00a0: mercredi apr\u00e8s-midi (toutes), jeudi apr\u00e8s-midi (toutes), vendredi apr\u00e8s-midi (basse)<\/p>\n\n\n\n<p>Violon\u00a0: mercredi apr\u00e8s-midi, samedi apr\u00e8s-midi<\/p>\n\n\n\n<p>Batterie\u00a0: lundi apr\u00e8s-midi, jeudi apr\u00e8s-midi<\/p>\n\n\n\n<p>Piano\u00a0: mercredi apr\u00e8s-midi, jeudi apr\u00e8s-midi, samedi<\/p>\n\n\n\n<p><\/p>\n\n\n\n<p><\/p>\n\n\n\n<p><\/p>\n","protected":false},"excerpt":{"rendered":"<p>Planning et horaires des cours collectifs : Eveil Musical : jeudi 16h30-17h15 Chorale enfants : jeudi 17h20-18h20 Ensemble musical enfants : jeudi 18h30-19h30 Solf\u00e8ge : vendredi 16h30-17h15 (d\u00e9butants) ou 17h20-18h05 &#8230;<\/p>\n","protected":false},"author":1,"featured_media":0,"parent":0,"menu_order":0,"comment_status":"closed","ping_status":"closed","template":"template-fullwidth-stretched.php","meta":{"footnotes":""},"class_list":["post-40","page","type-page","status-publish","hentry"],"yoast_head":"<!-- This site is optimized with the Yoast SEO plugin v25.6 - https:\/\/yoast.com\/wordpress\/plugins\/seo\/ -->\n<title>Cours &amp; Ateliers - Ecole de Musique du Bayonnais<\/title>\n<meta name=\"robots\" content=\"index, follow, max-snippet:-1, max-image-preview:large, max-video-preview:-1\" \/>\n<link rel=\"canonical\" href=\"https:\/\/ecole-musique-bayonnais.fr\/?page_id=40\" \/>\n<meta property=\"og:locale\" content=\"fr_FR\" \/>\n<meta property=\"og:type\" content=\"article\" \/>\n<meta property=\"og:title\" content=\"Cours &amp; Ateliers - Ecole de Musique du Bayonnais\" \/>\n<meta property=\"og:description\" content=\"Planning et horaires des cours collectifs : Eveil Musical : jeudi 16h30-17h15 Chorale enfants : jeudi 17h20-18h20 Ensemble musical enfants : jeudi 18h30-19h30 Solf\u00e8ge : vendredi 16h30-17h15 (d\u00e9butants) ou 17h20-18h05 ...\" \/>\n<meta property=\"og:url\" content=\"https:\/\/ecole-musique-bayonnais.fr\/?page_id=40\" \/>\n<meta property=\"og:site_name\" content=\"Ecole de Musique du Bayonnais\" \/>\n<meta property=\"article:publisher\" content=\"https:\/\/www.facebook.com\/EcoleDeMusiqueDuBayonnais\" \/>\n<meta property=\"article:modified_time\" content=\"2025-09-06T20:13:35+00:00\" \/>\n<meta property=\"og:image\" content=\"https:\/\/ecole-musique-bayonnais.fr\/wp-content\/uploads\/2025\/08\/IMG-20250410-WA0010.jpg\" \/>\n\t<meta property=\"og:image:width\" content=\"1600\" \/>\n\t<meta property=\"og:image:height\" content=\"1200\" \/>\n\t<meta property=\"og:image:type\" content=\"image\/jpeg\" \/>\n<meta name=\"twitter:card\" content=\"summary_large_image\" \/>\n<meta name=\"twitter:label1\" content=\"Dur\u00e9e de lecture estim\u00e9e\" \/>\n\t<meta name=\"twitter:data1\" content=\"2 minutes\" \/>\n<script type=\"application\/ld+json\" class=\"yoast-schema-graph\">{\"@context\":\"https:\/\/schema.org\",\"@graph\":[{\"@type\":\"WebPage\",\"@id\":\"https:\/\/ecole-musique-bayonnais.fr\/?page_id=40\",\"url\":\"https:\/\/ecole-musique-bayonnais.fr\/?page_id=40\",\"name\":\"Cours & Ateliers - Ecole de Musique du Bayonnais\",\"isPartOf\":{\"@id\":\"https:\/\/ecole-musique-bayonnais.fr\/#website\"},\"primaryImageOfPage\":{\"@id\":\"https:\/\/ecole-musique-bayonnais.fr\/?page_id=40#primaryimage\"},\"image\":{\"@id\":\"https:\/\/ecole-musique-bayonnais.fr\/?page_id=40#primaryimage\"},\"thumbnailUrl\":\"http:\/\/ecole-musique-bayonnais.fr\/wp-content\/uploads\/2025\/08\/IMG-20250410-WA0010.jpg\",\"datePublished\":\"2025-08-05T18:47:05+00:00\",\"dateModified\":\"2025-09-06T20:13:35+00:00\",\"breadcrumb\":{\"@id\":\"https:\/\/ecole-musique-bayonnais.fr\/?page_id=40#breadcrumb\"},\"inLanguage\":\"fr-FR\",\"potentialAction\":[{\"@type\":\"ReadAction\",\"target\":[\"https:\/\/ecole-musique-bayonnais.fr\/?page_id=40\"]}]},{\"@type\":\"ImageObject\",\"inLanguage\":\"fr-FR\",\"@id\":\"https:\/\/ecole-musique-bayonnais.fr\/?page_id=40#primaryimage\",\"url\":\"https:\/\/ecole-musique-bayonnais.fr\/wp-content\/uploads\/2025\/08\/IMG-20250410-WA0010.jpg\",\"contentUrl\":\"https:\/\/ecole-musique-bayonnais.fr\/wp-content\/uploads\/2025\/08\/IMG-20250410-WA0010.jpg\",\"width\":1600,\"height\":1200},{\"@type\":\"BreadcrumbList\",\"@id\":\"https:\/\/ecole-musique-bayonnais.fr\/?page_id=40#breadcrumb\",\"itemListElement\":[{\"@type\":\"ListItem\",\"position\":1,\"name\":\"Home\",\"item\":\"https:\/\/ecole-musique-bayonnais.fr\/\"},{\"@type\":\"ListItem\",\"position\":2,\"name\":\"Cours &#038; Ateliers\"}]},{\"@type\":\"WebSite\",\"@id\":\"https:\/\/ecole-musique-bayonnais.fr\/#website\",\"url\":\"https:\/\/ecole-musique-bayonnais.fr\/\",\"name\":\"Ecole de Musique du Bayonnais\",\"description\":\"... et la musique se partage\",\"publisher\":{\"@id\":\"https:\/\/ecole-musique-bayonnais.fr\/#organization\"},\"potentialAction\":[{\"@type\":\"SearchAction\",\"target\":{\"@type\":\"EntryPoint\",\"urlTemplate\":\"https:\/\/ecole-musique-bayonnais.fr\/?s={search_term_string}\"},\"query-input\":{\"@type\":\"PropertyValueSpecification\",\"valueRequired\":true,\"valueName\":\"search_term_string\"}}],\"inLanguage\":\"fr-FR\"},{\"@type\":\"Organization\",\"@id\":\"https:\/\/ecole-musique-bayonnais.fr\/#organization\",\"name\":\"Ecole de Musique du Bayonnais\",\"url\":\"https:\/\/ecole-musique-bayonnais.fr\/\",\"logo\":{\"@type\":\"ImageObject\",\"inLanguage\":\"fr-FR\",\"@id\":\"https:\/\/ecole-musique-bayonnais.fr\/#\/schema\/logo\/image\/\",\"url\":\"https:\/\/ecole-musique-bayonnais.fr\/wp-content\/uploads\/2025\/07\/cropped-logo_EMB-1.png\",\"contentUrl\":\"https:\/\/ecole-musique-bayonnais.fr\/wp-content\/uploads\/2025\/07\/cropped-logo_EMB-1.png\",\"width\":358,\"height\":283,\"caption\":\"Ecole de Musique du Bayonnais\"},\"image\":{\"@id\":\"https:\/\/ecole-musique-bayonnais.fr\/#\/schema\/logo\/image\/\"},\"sameAs\":[\"https:\/\/www.facebook.com\/EcoleDeMusiqueDuBayonnais\"]}]}<\/script>\n<!-- \/ Yoast SEO plugin. -->","yoast_head_json":{"title":"Cours & Ateliers - Ecole de Musique du Bayonnais","robots":{"index":"index","follow":"follow","max-snippet":"max-snippet:-1","max-image-preview":"max-image-preview:large","max-video-preview":"max-video-preview:-1"},"canonical":"https:\/\/ecole-musique-bayonnais.fr\/?page_id=40","og_locale":"fr_FR","og_type":"article","og_title":"Cours & Ateliers - Ecole de Musique du Bayonnais","og_description":"Planning et horaires des cours collectifs : Eveil Musical : jeudi 16h30-17h15 Chorale enfants : jeudi 17h20-18h20 Ensemble musical enfants : jeudi 18h30-19h30 Solf\u00e8ge : vendredi 16h30-17h15 (d\u00e9butants) ou 17h20-18h05 ...","og_url":"https:\/\/ecole-musique-bayonnais.fr\/?page_id=40","og_site_name":"Ecole de Musique du Bayonnais","article_publisher":"https:\/\/www.facebook.com\/EcoleDeMusiqueDuBayonnais","article_modified_time":"2025-09-06T20:13:35+00:00","og_image":[{"width":1600,"height":1200,"url":"https:\/\/ecole-musique-bayonnais.fr\/wp-content\/uploads\/2025\/08\/IMG-20250410-WA0010.jpg","type":"image\/jpeg"}],"twitter_card":"summary_large_image","twitter_misc":{"Dur\u00e9e de lecture estim\u00e9e":"2 minutes"},"schema":{"@context":"https:\/\/schema.org","@graph":[{"@type":"WebPage","@id":"https:\/\/ecole-musique-bayonnais.fr\/?page_id=40","url":"https:\/\/ecole-musique-bayonnais.fr\/?page_id=40","name":"Cours & Ateliers - Ecole de Musique du Bayonnais","isPartOf":{"@id":"https:\/\/ecole-musique-bayonnais.fr\/#website"},"primaryImageOfPage":{"@id":"https:\/\/ecole-musique-bayonnais.fr\/?page_id=40#primaryimage"},"image":{"@id":"https:\/\/ecole-musique-bayonnais.fr\/?page_id=40#primaryimage"},"thumbnailUrl":"http:\/\/ecole-musique-bayonnais.fr\/wp-content\/uploads\/2025\/08\/IMG-20250410-WA0010.jpg","datePublished":"2025-08-05T18:47:05+00:00","dateModified":"2025-09-06T20:13:35+00:00","breadcrumb":{"@id":"https:\/\/ecole-musique-bayonnais.fr\/?page_id=40#breadcrumb"},"inLanguage":"fr-FR","potentialAction":[{"@type":"ReadAction","target":["https:\/\/ecole-musique-bayonnais.fr\/?page_id=40"]}]},{"@type":"ImageObject","inLanguage":"fr-FR","@id":"https:\/\/ecole-musique-bayonnais.fr\/?page_id=40#primaryimage","url":"https:\/\/ecole-musique-bayonnais.fr\/wp-content\/uploads\/2025\/08\/IMG-20250410-WA0010.jpg","contentUrl":"https:\/\/ecole-musique-bayonnais.fr\/wp-content\/uploads\/2025\/08\/IMG-20250410-WA0010.jpg","width":1600,"height":1200},{"@type":"BreadcrumbList","@id":"https:\/\/ecole-musique-bayonnais.fr\/?page_id=40#breadcrumb","itemListElement":[{"@type":"ListItem","position":1,"name":"Home","item":"https:\/\/ecole-musique-bayonnais.fr\/"},{"@type":"ListItem","position":2,"name":"Cours &#038; Ateliers"}]},{"@type":"WebSite","@id":"https:\/\/ecole-musique-bayonnais.fr\/#website","url":"https:\/\/ecole-musique-bayonnais.fr\/","name":"Ecole de Musique du Bayonnais","description":"... et la musique se partage","publisher":{"@id":"https:\/\/ecole-musique-bayonnais.fr\/#organization"},"potentialAction":[{"@type":"SearchAction","target":{"@type":"EntryPoint","urlTemplate":"https:\/\/ecole-musique-bayonnais.fr\/?s={search_term_string}"},"query-input":{"@type":"PropertyValueSpecification","valueRequired":true,"valueName":"search_term_string"}}],"inLanguage":"fr-FR"},{"@type":"Organization","@id":"https:\/\/ecole-musique-bayonnais.fr\/#organization","name":"Ecole de Musique du Bayonnais","url":"https:\/\/ecole-musique-bayonnais.fr\/","logo":{"@type":"ImageObject","inLanguage":"fr-FR","@id":"https:\/\/ecole-musique-bayonnais.fr\/#\/schema\/logo\/image\/","url":"https:\/\/ecole-musique-bayonnais.fr\/wp-content\/uploads\/2025\/07\/cropped-logo_EMB-1.png","contentUrl":"https:\/\/ecole-musique-bayonnais.fr\/wp-content\/uploads\/2025\/07\/cropped-logo_EMB-1.png","width":358,"height":283,"caption":"Ecole de Musique du Bayonnais"},"image":{"@id":"https:\/\/ecole-musique-bayonnais.fr\/#\/schema\/logo\/image\/"},"sameAs":["https:\/\/www.facebook.com\/EcoleDeMusiqueDuBayonnais"]}]}},"_links":{"self":[{"href":"https:\/\/ecole-musique-bayonnais.fr\/index.php?rest_route=\/wp\/v2\/pages\/40","targetHints":{"allow":["GET"]}}],"collection":[{"href":"https:\/\/ecole-musique-bayonnais.fr\/index.php?rest_route=\/wp\/v2\/pages"}],"about":[{"href":"https:\/\/ecole-musique-bayonnais.fr\/index.php?rest_route=\/wp\/v2\/types\/page"}],"author":[{"embeddable":true,"href":"https:\/\/ecole-musique-bayonnais.fr\/index.php?rest_route=\/wp\/v2\/users\/1"}],"replies":[{"embeddable":true,"href":"https:\/\/ecole-musique-bayonnais.fr\/index.php?rest_route=%2Fwp%2Fv2%2Fcomments&post=40"}],"version-history":[{"count":52,"href":"https:\/\/ecole-musique-bayonnais.fr\/index.php?rest_route=\/wp\/v2\/pages\/40\/revisions"}],"predecessor-version":[{"id":483,"href":"https:\/\/ecole-musique-bayonnais.fr\/index.php?rest_route=\/wp\/v2\/pages\/40\/revisions\/483"}],"wp:attachment":[{"href":"https:\/\/ecole-musique-bayonnais.fr\/index.php?rest_route=%2Fwp%2Fv2%2Fmedia&parent=40"}],"curies":[{"name":"wp","href":"https:\/\/api.w.org\/{rel}","templated":true}]}}