{"id":38,"date":"2025-08-05T18:47:05","date_gmt":"2025-08-05T18:47:05","guid":{"rendered":"http:\/\/ecole-musique-bayonnais.fr\/?page_id=38"},"modified":"2025-08-11T17:31:13","modified_gmt":"2025-08-11T17:31:13","slug":"lecole-de-musique","status":"publish","type":"page","link":"https:\/\/ecole-musique-bayonnais.fr\/","title":{"rendered":"L&rsquo;\u00e9cole de musique"},"content":{"rendered":"\n<div class=\"wp-block-cover aligncenter\" style=\"min-height:500px;aspect-ratio:unset;\"><img loading=\"lazy\" decoding=\"async\" width=\"1600\" height=\"1200\" class=\"wp-block-cover__image-background wp-image-96 size-full\" alt=\"\" src=\"https:\/\/ecole-musique-bayonnais.fr\/wp-content\/uploads\/2025\/08\/IMG-20250410-WA0008.jpg\" style=\"object-position:76% 63%\" data-object-fit=\"cover\" data-object-position=\"76% 63%\" srcset=\"https:\/\/ecole-musique-bayonnais.fr\/wp-content\/uploads\/2025\/08\/IMG-20250410-WA0008.jpg 1600w, https:\/\/ecole-musique-bayonnais.fr\/wp-content\/uploads\/2025\/08\/IMG-20250410-WA0008-300x225.jpg 300w, https:\/\/ecole-musique-bayonnais.fr\/wp-content\/uploads\/2025\/08\/IMG-20250410-WA0008-1024x768.jpg 1024w, https:\/\/ecole-musique-bayonnais.fr\/wp-content\/uploads\/2025\/08\/IMG-20250410-WA0008-768x576.jpg 768w, https:\/\/ecole-musique-bayonnais.fr\/wp-content\/uploads\/2025\/08\/IMG-20250410-WA0008-1536x1152.jpg 1536w\" sizes=\"auto, (max-width: 1600px) 100vw, 1600px\" \/><span aria-hidden=\"true\" class=\"wp-block-cover__background has-background-dim-0 has-background-dim\"><\/span><div class=\"wp-block-cover__inner-container is-layout-constrained wp-block-cover-is-layout-constrained\">\n<div class=\"wp-block-columns is-layout-flex wp-container-core-columns-is-layout-9d6595d7 wp-block-columns-is-layout-flex\">\n<div class=\"wp-block-column is-layout-flow wp-block-column-is-layout-flow\" style=\"flex-basis:66.66%\"><\/div>\n\n\n\n<div class=\"wp-block-column is-layout-flow wp-block-column-is-layout-flow\" style=\"flex-basis:25%\">\n<div class=\"wp-block-buttons alignwide is-content-justification-center is-layout-flex wp-container-core-buttons-is-layout-16018d1d wp-block-buttons-is-layout-flex\">\n<div class=\"wp-block-button has-custom-width wp-block-button__width-75 is-style-fill\"><a class=\"wp-block-button__link has-white-color has-text-color has-background has-link-color has-small-font-size has-custom-font-size wp-element-button\" href=\"https:\/\/forms.gle\/xApWuZ3BfiZWB4Fq8\" style=\"background-color:#61bbf8\">S&rsquo;inscrire pour la saison 2025-2026<\/a><\/div>\n<\/div>\n<\/div>\n<\/div>\n\n\n\n<div class=\"wp-block-columns is-layout-flex wp-container-core-columns-is-layout-9d6595d7 wp-block-columns-is-layout-flex\">\n<div class=\"wp-block-column has-medium-font-size is-layout-flow wp-block-column-is-layout-flow\" style=\"flex-basis:20%\"><\/div>\n\n\n\n<div class=\"wp-block-column is-layout-flow wp-block-column-is-layout-flow\" style=\"flex-basis:100%\">\n<div class=\"wp-block-columns has-background is-layout-flex wp-container-core-columns-is-layout-9d6595d7 wp-block-columns-is-layout-flex\" style=\"background-color:#e5f5ff\">\n<div class=\"wp-block-column is-layout-flow wp-block-column-is-layout-flow\" style=\"flex-basis:5%\">\n<p><\/p>\n<\/div>\n\n\n\n<div class=\"wp-block-column has-background is-layout-flow wp-block-column-is-layout-flow\" style=\"background-color:#e5f5ff\">\n<h2 class=\"wp-block-heading has-small-font-size\"><\/h2>\n\n\n\n<h2 class=\"wp-block-heading has-text-align-center has-black-color has-text-color has-link-color wp-elements-98964b509d490e7ed32e06276666c40e\" style=\"font-size:26px\">L&rsquo;association<\/h2>\n\n\n\n<h2 class=\"wp-block-heading has-text-align-center has-black-color has-text-color has-link-color wp-elements-ad6582d93057967a58679a2eb627c53f\" style=\"font-size:16px\">L&rsquo;Ecole de Musique du Bayonnais a pour ambition de\u00a0permettre le d\u00e9veloppement de l\u2019\u00e9ducation musicale, et de la mettre \u00e0 la port\u00e9e de tous, notamment en proposant des cours d\u2019enseignement musical, des animations, des spectacles.<\/h2>\n<\/div>\n\n\n\n<div class=\"wp-block-column is-layout-flow wp-block-column-is-layout-flow\" style=\"flex-basis:5%\"><\/div>\n<\/div>\n\n\n\n<p class=\"has-text-align-center\"><\/p>\n<\/div>\n\n\n\n<div class=\"wp-block-column is-layout-flow wp-block-column-is-layout-flow\" style=\"flex-basis:20%\"><\/div>\n<\/div>\n<\/div><\/div>\n\n\n\n<div class=\"wp-block-columns has-background is-layout-flex wp-container-core-columns-is-layout-9d6595d7 wp-block-columns-is-layout-flex\" style=\"background-color:#f4efeb\">\n<div class=\"wp-block-column is-layout-flow wp-block-column-is-layout-flow\" style=\"flex-basis:10%\"><\/div>\n\n\n\n<div class=\"wp-block-column is-layout-flow wp-block-column-is-layout-flow\">\n<div class=\"wp-block-columns alignfull has-background is-layout-flex wp-container-core-columns-is-layout-9d6595d7 wp-block-columns-is-layout-flex\" style=\"background-color:#f4efeb\">\n<div class=\"wp-block-column has-background is-layout-flow wp-block-column-is-layout-flow\" style=\"background-color:#f4efeb;flex-basis:100%\">\n<div class=\"wp-block-columns is-layout-flex wp-container-core-columns-is-layout-9d6595d7 wp-block-columns-is-layout-flex\">\n<div class=\"wp-block-column has-background is-layout-flow wp-block-column-is-layout-flow\" style=\"background-color:#f4efeb\">\n<p><\/p>\n\n\n\n<h2 class=\"wp-block-heading has-text-align-center\" style=\"font-size:26px\">Enseigner<\/h2>\n\n\n\n<hr class=\"wp-block-separator has-alpha-channel-opacity\"\/>\n\n\n\n<div class=\"wp-block-cover is-light\"><img loading=\"lazy\" decoding=\"async\" width=\"2560\" height=\"1920\" class=\"wp-block-cover__image-background wp-image-267 size-full\" alt=\"\" src=\"http:\/\/ecole-musique-bayonnais.fr\/wp-content\/uploads\/2025\/08\/IMG_20250322_102513-scaled.jpg\" style=\"object-position:52% 75%\" data-object-fit=\"cover\" data-object-position=\"52% 75%\" srcset=\"https:\/\/ecole-musique-bayonnais.fr\/wp-content\/uploads\/2025\/08\/IMG_20250322_102513-scaled.jpg 2560w, https:\/\/ecole-musique-bayonnais.fr\/wp-content\/uploads\/2025\/08\/IMG_20250322_102513-300x225.jpg 300w, https:\/\/ecole-musique-bayonnais.fr\/wp-content\/uploads\/2025\/08\/IMG_20250322_102513-1024x768.jpg 1024w, https:\/\/ecole-musique-bayonnais.fr\/wp-content\/uploads\/2025\/08\/IMG_20250322_102513-768x576.jpg 768w, https:\/\/ecole-musique-bayonnais.fr\/wp-content\/uploads\/2025\/08\/IMG_20250322_102513-1536x1152.jpg 1536w, https:\/\/ecole-musique-bayonnais.fr\/wp-content\/uploads\/2025\/08\/IMG_20250322_102513-2048x1536.jpg 2048w\" sizes=\"auto, (max-width: 2560px) 100vw, 2560px\" \/><span aria-hidden=\"true\" class=\"wp-block-cover__background has-background-dim-0 has-background-dim\"><\/span><div class=\"wp-block-cover__inner-container is-layout-flow wp-block-cover-is-layout-flow\">\n<p class=\"has-text-align-center has-large-font-size\"><\/p>\n<\/div><\/div>\n\n\n\n<p class=\"has-black-color has-text-color has-background has-link-color wp-elements-d8c78d0aec4598fef2ac645757244a8f\" style=\"background-color:#f4efeb\">L&rsquo;Ecole de Musique du Bayonnais est une \u00e9cole associative rurale. Elle s&rsquo;appuie sur une \u00e9quipe de professeurs dipl\u00f4m\u00e9s. L&rsquo;\u00e9cole a la volont\u00e9 de proposer un enseignement de qualit\u00e9, et accessible au plus grand nombre.&nbsp;<\/p>\n<\/div>\n\n\n\n<div class=\"wp-block-column has-background is-layout-flow wp-block-column-is-layout-flow\" style=\"background-color:#f4efeb\">\n<p><\/p>\n\n\n\n<h2 class=\"wp-block-heading has-text-align-center\" style=\"font-size:26px\">Animer<\/h2>\n\n\n\n<hr class=\"wp-block-separator has-alpha-channel-opacity\"\/>\n\n\n\n<div class=\"wp-block-cover is-light\" style=\"min-height:430px;aspect-ratio:unset;\"><img loading=\"lazy\" decoding=\"async\" width=\"1024\" height=\"576\" class=\"wp-block-cover__image-background wp-image-264 size-large\" alt=\"\" src=\"http:\/\/ecole-musique-bayonnais.fr\/wp-content\/uploads\/2025\/08\/IMG-20250323-WA0023-1024x576.jpg\" style=\"object-position:58% 46%\" data-object-fit=\"cover\" data-object-position=\"58% 46%\" srcset=\"https:\/\/ecole-musique-bayonnais.fr\/wp-content\/uploads\/2025\/08\/IMG-20250323-WA0023-1024x576.jpg 1024w, https:\/\/ecole-musique-bayonnais.fr\/wp-content\/uploads\/2025\/08\/IMG-20250323-WA0023-300x169.jpg 300w, https:\/\/ecole-musique-bayonnais.fr\/wp-content\/uploads\/2025\/08\/IMG-20250323-WA0023-768x432.jpg 768w, https:\/\/ecole-musique-bayonnais.fr\/wp-content\/uploads\/2025\/08\/IMG-20250323-WA0023-1536x864.jpg 1536w, https:\/\/ecole-musique-bayonnais.fr\/wp-content\/uploads\/2025\/08\/IMG-20250323-WA0023.jpg 1599w\" sizes=\"auto, (max-width: 1024px) 100vw, 1024px\" \/><span aria-hidden=\"true\" class=\"wp-block-cover__background has-background-dim-0 has-background-dim\"><\/span><div class=\"wp-block-cover__inner-container is-layout-flow wp-block-cover-is-layout-flow\">\n<p class=\"has-text-align-center has-large-font-size\"><\/p>\n<\/div><\/div>\n\n\n\n<p class=\"has-black-color has-text-color has-background has-link-color wp-elements-8bf9d9a394cdda427c531f07b245dd4d\" style=\"background-color:#f4efeb\">L&rsquo;Ecole de Musique du Bayonnais est ancr\u00e9e entre Meurthe, Mortagne et Moselle. Dans le cadre de son enseignement, elle cr\u00e9e ou participe \u00e0 des \u00e9v\u00e9nements qui animent son territoire ou les territoires voisins.&nbsp;<\/p>\n<\/div>\n\n\n\n<div class=\"wp-block-column has-background is-layout-flow wp-block-column-is-layout-flow\" style=\"background-color:#f4efeb\">\n<p><\/p>\n\n\n\n<h2 class=\"wp-block-heading has-text-align-center\" style=\"font-size:26px\">Partager<\/h2>\n\n\n\n<hr class=\"wp-block-separator has-alpha-channel-opacity\"\/>\n\n\n\n<div class=\"wp-block-cover\"><img loading=\"lazy\" decoding=\"async\" width=\"1024\" height=\"768\" class=\"wp-block-cover__image-background wp-image-99\" alt=\"\" src=\"https:\/\/ecole-musique-bayonnais.fr\/wp-content\/uploads\/2025\/08\/IMG-20250410-WA0012-1024x768.jpg\" data-object-fit=\"cover\" srcset=\"https:\/\/ecole-musique-bayonnais.fr\/wp-content\/uploads\/2025\/08\/IMG-20250410-WA0012-1024x768.jpg 1024w, https:\/\/ecole-musique-bayonnais.fr\/wp-content\/uploads\/2025\/08\/IMG-20250410-WA0012-300x225.jpg 300w, https:\/\/ecole-musique-bayonnais.fr\/wp-content\/uploads\/2025\/08\/IMG-20250410-WA0012-768x576.jpg 768w, https:\/\/ecole-musique-bayonnais.fr\/wp-content\/uploads\/2025\/08\/IMG-20250410-WA0012-1536x1152.jpg 1536w, https:\/\/ecole-musique-bayonnais.fr\/wp-content\/uploads\/2025\/08\/IMG-20250410-WA0012.jpg 1600w\" sizes=\"auto, (max-width: 1024px) 100vw, 1024px\" \/><span aria-hidden=\"true\" class=\"wp-block-cover__background has-background-dim-0 has-background-dim\"><\/span><div class=\"wp-block-cover__inner-container is-layout-flow wp-block-cover-is-layout-flow\">\n<p class=\"has-text-align-center has-large-font-size\"><\/p>\n<\/div><\/div>\n\n\n\n<div class=\"wp-block-group has-background\" style=\"background-color:#f4efeb\"><div class=\"wp-block-group__inner-container is-layout-constrained wp-block-group-is-layout-constrained\">\n<p class=\"has-black-color has-text-color has-link-color wp-elements-53a0e4a24b4406ab6aa6a3c0dcccbac0\">La musique est une langue universelle. Elle&nbsp;connecterait le monde et toutes les personnes qui l&rsquo;\u00e9coutent.&nbsp;<\/p>\n\n\n\n<p class=\"has-black-color has-text-color has-link-color wp-elements-168a5af1706798c357dfb50724223fdd\">Quoi de mieux pour partager et apprendre de l&rsquo;autre&nbsp;?<\/p>\n<\/div><\/div>\n<\/div>\n<\/div>\n\n\n\n<hr class=\"wp-block-separator has-alpha-channel-opacity\"\/>\n<\/div>\n<\/div>\n<\/div>\n\n\n\n<div class=\"wp-block-column is-layout-flow wp-block-column-is-layout-flow\" style=\"flex-basis:10%\"><\/div>\n<\/div>\n\n\n\n<div class=\"wp-block-columns is-layout-flex wp-container-core-columns-is-layout-9d6595d7 wp-block-columns-is-layout-flex\">\n<div class=\"wp-block-column is-layout-flow wp-block-column-is-layout-flow\"><\/div>\n\n\n\n<div class=\"wp-block-column is-layout-flow wp-block-column-is-layout-flow\">\n<h2 class=\"wp-block-heading has-text-align-center has-medium-font-size\">L&rsquo;\u00e9cole de musique est ouverte \u00e0 tous&nbsp;!&nbsp;<\/h2>\n\n\n\n<p class=\"has-text-align-center has-black-color has-text-color has-link-color wp-elements-3b8c534d0e251a4d354abbbb31721e93\" style=\"font-size:16px\">Rendez-vous au 22 rue des \u00c9coles, \u00e0 Bayon (54290)<\/p>\n<\/div>\n\n\n\n<div class=\"wp-block-column is-layout-flow wp-block-column-is-layout-flow\"><\/div>\n<\/div>\n","protected":false},"excerpt":{"rendered":"<p>Enseigner L&rsquo;Ecole de Musique du Bayonnais est une \u00e9cole associative rurale. Elle s&rsquo;appuie sur une \u00e9quipe de professeurs dipl\u00f4m\u00e9s. L&rsquo;\u00e9cole a la volont\u00e9 de proposer un enseignement de qualit\u00e9, et &#8230;<\/p>\n","protected":false},"author":1,"featured_media":146,"parent":0,"menu_order":0,"comment_status":"closed","ping_status":"closed","template":"template-fullwidth-stretched.php","meta":{"footnotes":""},"class_list":["post-38","page","type-page","status-publish","has-post-thumbnail","hentry"],"yoast_head":"<!-- This site is optimized with the Yoast SEO plugin v25.6 - https:\/\/yoast.com\/wordpress\/plugins\/seo\/ -->\n<title>L&#039;\u00e9cole de musique - Ecole de Musique du Bayonnais<\/title>\n<meta name=\"robots\" content=\"index, follow, max-snippet:-1, max-image-preview:large, max-video-preview:-1\" \/>\n<link rel=\"canonical\" href=\"https:\/\/ecole-musique-bayonnais.fr\/\" \/>\n<meta property=\"og:locale\" content=\"fr_FR\" \/>\n<meta property=\"og:type\" content=\"article\" \/>\n<meta property=\"og:title\" content=\"L&#039;\u00e9cole de musique - Ecole de Musique du Bayonnais\" \/>\n<meta property=\"og:description\" content=\"Enseigner L&rsquo;Ecole de Musique du Bayonnais est une \u00e9cole associative rurale. Elle s&rsquo;appuie sur une \u00e9quipe de professeurs dipl\u00f4m\u00e9s. L&rsquo;\u00e9cole a la volont\u00e9 de proposer un enseignement de qualit\u00e9, et ...\" \/>\n<meta property=\"og:url\" content=\"https:\/\/ecole-musique-bayonnais.fr\/\" \/>\n<meta property=\"og:site_name\" content=\"Ecole de Musique du Bayonnais\" \/>\n<meta property=\"article:publisher\" content=\"https:\/\/www.facebook.com\/EcoleDeMusiqueDuBayonnais\" \/>\n<meta property=\"article:modified_time\" content=\"2025-08-11T17:31:13+00:00\" \/>\n<meta property=\"og:image\" content=\"http:\/\/ecole-musique-bayonnais.fr\/wp-content\/uploads\/2025\/08\/partition-4906505_1280.jpg\" \/>\n\t<meta property=\"og:image:width\" content=\"1280\" \/>\n\t<meta property=\"og:image:height\" content=\"851\" \/>\n\t<meta property=\"og:image:type\" content=\"image\/jpeg\" \/>\n<meta name=\"twitter:card\" content=\"summary_large_image\" \/>\n<meta name=\"twitter:label1\" content=\"Dur\u00e9e de lecture estim\u00e9e\" \/>\n\t<meta name=\"twitter:data1\" content=\"2 minutes\" \/>\n<script type=\"application\/ld+json\" class=\"yoast-schema-graph\">{\"@context\":\"https:\/\/schema.org\",\"@graph\":[{\"@type\":\"WebPage\",\"@id\":\"https:\/\/ecole-musique-bayonnais.fr\/\",\"url\":\"https:\/\/ecole-musique-bayonnais.fr\/\",\"name\":\"L'\u00e9cole de musique - Ecole de Musique du Bayonnais\",\"isPartOf\":{\"@id\":\"https:\/\/ecole-musique-bayonnais.fr\/#website\"},\"primaryImageOfPage\":{\"@id\":\"https:\/\/ecole-musique-bayonnais.fr\/#primaryimage\"},\"image\":{\"@id\":\"https:\/\/ecole-musique-bayonnais.fr\/#primaryimage\"},\"thumbnailUrl\":\"https:\/\/ecole-musique-bayonnais.fr\/wp-content\/uploads\/2025\/08\/partition-4906505_1280.jpg\",\"datePublished\":\"2025-08-05T18:47:05+00:00\",\"dateModified\":\"2025-08-11T17:31:13+00:00\",\"breadcrumb\":{\"@id\":\"https:\/\/ecole-musique-bayonnais.fr\/#breadcrumb\"},\"inLanguage\":\"fr-FR\",\"potentialAction\":[{\"@type\":\"ReadAction\",\"target\":[\"https:\/\/ecole-musique-bayonnais.fr\/\"]}]},{\"@type\":\"ImageObject\",\"inLanguage\":\"fr-FR\",\"@id\":\"https:\/\/ecole-musique-bayonnais.fr\/#primaryimage\",\"url\":\"https:\/\/ecole-musique-bayonnais.fr\/wp-content\/uploads\/2025\/08\/partition-4906505_1280.jpg\",\"contentUrl\":\"https:\/\/ecole-musique-bayonnais.fr\/wp-content\/uploads\/2025\/08\/partition-4906505_1280.jpg\",\"width\":1280,\"height\":851},{\"@type\":\"BreadcrumbList\",\"@id\":\"https:\/\/ecole-musique-bayonnais.fr\/#breadcrumb\",\"itemListElement\":[{\"@type\":\"ListItem\",\"position\":1,\"name\":\"Home\",\"item\":\"https:\/\/ecole-musique-bayonnais.fr\/\"},{\"@type\":\"ListItem\",\"position\":2,\"name\":\"L&#8217;\u00e9cole de musique\"}]},{\"@type\":\"WebSite\",\"@id\":\"https:\/\/ecole-musique-bayonnais.fr\/#website\",\"url\":\"https:\/\/ecole-musique-bayonnais.fr\/\",\"name\":\"Ecole de Musique du Bayonnais\",\"description\":\"... et la musique se partage\",\"publisher\":{\"@id\":\"https:\/\/ecole-musique-bayonnais.fr\/#organization\"},\"potentialAction\":[{\"@type\":\"SearchAction\",\"target\":{\"@type\":\"EntryPoint\",\"urlTemplate\":\"https:\/\/ecole-musique-bayonnais.fr\/?s={search_term_string}\"},\"query-input\":{\"@type\":\"PropertyValueSpecification\",\"valueRequired\":true,\"valueName\":\"search_term_string\"}}],\"inLanguage\":\"fr-FR\"},{\"@type\":\"Organization\",\"@id\":\"https:\/\/ecole-musique-bayonnais.fr\/#organization\",\"name\":\"Ecole de Musique du Bayonnais\",\"url\":\"https:\/\/ecole-musique-bayonnais.fr\/\",\"logo\":{\"@type\":\"ImageObject\",\"inLanguage\":\"fr-FR\",\"@id\":\"https:\/\/ecole-musique-bayonnais.fr\/#\/schema\/logo\/image\/\",\"url\":\"https:\/\/ecole-musique-bayonnais.fr\/wp-content\/uploads\/2025\/07\/cropped-logo_EMB-1.png\",\"contentUrl\":\"https:\/\/ecole-musique-bayonnais.fr\/wp-content\/uploads\/2025\/07\/cropped-logo_EMB-1.png\",\"width\":358,\"height\":283,\"caption\":\"Ecole de Musique du Bayonnais\"},\"image\":{\"@id\":\"https:\/\/ecole-musique-bayonnais.fr\/#\/schema\/logo\/image\/\"},\"sameAs\":[\"https:\/\/www.facebook.com\/EcoleDeMusiqueDuBayonnais\"]}]}<\/script>\n<!-- \/ Yoast SEO plugin. -->","yoast_head_json":{"title":"L'\u00e9cole de musique - Ecole de Musique du Bayonnais","robots":{"index":"index","follow":"follow","max-snippet":"max-snippet:-1","max-image-preview":"max-image-preview:large","max-video-preview":"max-video-preview:-1"},"canonical":"https:\/\/ecole-musique-bayonnais.fr\/","og_locale":"fr_FR","og_type":"article","og_title":"L'\u00e9cole de musique - Ecole de Musique du Bayonnais","og_description":"Enseigner L&rsquo;Ecole de Musique du Bayonnais est une \u00e9cole associative rurale. Elle s&rsquo;appuie sur une \u00e9quipe de professeurs dipl\u00f4m\u00e9s. L&rsquo;\u00e9cole a la volont\u00e9 de proposer un enseignement de qualit\u00e9, et ...","og_url":"https:\/\/ecole-musique-bayonnais.fr\/","og_site_name":"Ecole de Musique du Bayonnais","article_publisher":"https:\/\/www.facebook.com\/EcoleDeMusiqueDuBayonnais","article_modified_time":"2025-08-11T17:31:13+00:00","og_image":[{"width":1280,"height":851,"url":"http:\/\/ecole-musique-bayonnais.fr\/wp-content\/uploads\/2025\/08\/partition-4906505_1280.jpg","type":"image\/jpeg"}],"twitter_card":"summary_large_image","twitter_misc":{"Dur\u00e9e de lecture estim\u00e9e":"2 minutes"},"schema":{"@context":"https:\/\/schema.org","@graph":[{"@type":"WebPage","@id":"https:\/\/ecole-musique-bayonnais.fr\/","url":"https:\/\/ecole-musique-bayonnais.fr\/","name":"L'\u00e9cole de musique - Ecole de Musique du Bayonnais","isPartOf":{"@id":"https:\/\/ecole-musique-bayonnais.fr\/#website"},"primaryImageOfPage":{"@id":"https:\/\/ecole-musique-bayonnais.fr\/#primaryimage"},"image":{"@id":"https:\/\/ecole-musique-bayonnais.fr\/#primaryimage"},"thumbnailUrl":"https:\/\/ecole-musique-bayonnais.fr\/wp-content\/uploads\/2025\/08\/partition-4906505_1280.jpg","datePublished":"2025-08-05T18:47:05+00:00","dateModified":"2025-08-11T17:31:13+00:00","breadcrumb":{"@id":"https:\/\/ecole-musique-bayonnais.fr\/#breadcrumb"},"inLanguage":"fr-FR","potentialAction":[{"@type":"ReadAction","target":["https:\/\/ecole-musique-bayonnais.fr\/"]}]},{"@type":"ImageObject","inLanguage":"fr-FR","@id":"https:\/\/ecole-musique-bayonnais.fr\/#primaryimage","url":"https:\/\/ecole-musique-bayonnais.fr\/wp-content\/uploads\/2025\/08\/partition-4906505_1280.jpg","contentUrl":"https:\/\/ecole-musique-bayonnais.fr\/wp-content\/uploads\/2025\/08\/partition-4906505_1280.jpg","width":1280,"height":851},{"@type":"BreadcrumbList","@id":"https:\/\/ecole-musique-bayonnais.fr\/#breadcrumb","itemListElement":[{"@type":"ListItem","position":1,"name":"Home","item":"https:\/\/ecole-musique-bayonnais.fr\/"},{"@type":"ListItem","position":2,"name":"L&#8217;\u00e9cole de musique"}]},{"@type":"WebSite","@id":"https:\/\/ecole-musique-bayonnais.fr\/#website","url":"https:\/\/ecole-musique-bayonnais.fr\/","name":"Ecole de Musique du Bayonnais","description":"... et la musique se partage","publisher":{"@id":"https:\/\/ecole-musique-bayonnais.fr\/#organization"},"potentialAction":[{"@type":"SearchAction","target":{"@type":"EntryPoint","urlTemplate":"https:\/\/ecole-musique-bayonnais.fr\/?s={search_term_string}"},"query-input":{"@type":"PropertyValueSpecification","valueRequired":true,"valueName":"search_term_string"}}],"inLanguage":"fr-FR"},{"@type":"Organization","@id":"https:\/\/ecole-musique-bayonnais.fr\/#organization","name":"Ecole de Musique du Bayonnais","url":"https:\/\/ecole-musique-bayonnais.fr\/","logo":{"@type":"ImageObject","inLanguage":"fr-FR","@id":"https:\/\/ecole-musique-bayonnais.fr\/#\/schema\/logo\/image\/","url":"https:\/\/ecole-musique-bayonnais.fr\/wp-content\/uploads\/2025\/07\/cropped-logo_EMB-1.png","contentUrl":"https:\/\/ecole-musique-bayonnais.fr\/wp-content\/uploads\/2025\/07\/cropped-logo_EMB-1.png","width":358,"height":283,"caption":"Ecole de Musique du Bayonnais"},"image":{"@id":"https:\/\/ecole-musique-bayonnais.fr\/#\/schema\/logo\/image\/"},"sameAs":["https:\/\/www.facebook.com\/EcoleDeMusiqueDuBayonnais"]}]}},"_links":{"self":[{"href":"https:\/\/ecole-musique-bayonnais.fr\/index.php?rest_route=\/wp\/v2\/pages\/38","targetHints":{"allow":["GET"]}}],"collection":[{"href":"https:\/\/ecole-musique-bayonnais.fr\/index.php?rest_route=\/wp\/v2\/pages"}],"about":[{"href":"https:\/\/ecole-musique-bayonnais.fr\/index.php?rest_route=\/wp\/v2\/types\/page"}],"author":[{"embeddable":true,"href":"https:\/\/ecole-musique-bayonnais.fr\/index.php?rest_route=\/wp\/v2\/users\/1"}],"replies":[{"embeddable":true,"href":"https:\/\/ecole-musique-bayonnais.fr\/index.php?rest_route=%2Fwp%2Fv2%2Fcomments&post=38"}],"version-history":[{"count":116,"href":"https:\/\/ecole-musique-bayonnais.fr\/index.php?rest_route=\/wp\/v2\/pages\/38\/revisions"}],"predecessor-version":[{"id":419,"href":"https:\/\/ecole-musique-bayonnais.fr\/index.php?rest_route=\/wp\/v2\/pages\/38\/revisions\/419"}],"wp:featuredmedia":[{"embeddable":true,"href":"https:\/\/ecole-musique-bayonnais.fr\/index.php?rest_route=\/wp\/v2\/media\/146"}],"wp:attachment":[{"href":"https:\/\/ecole-musique-bayonnais.fr\/index.php?rest_route=%2Fwp%2Fv2%2Fmedia&parent=38"}],"curies":[{"name":"wp","href":"https:\/\/api.w.org\/{rel}","templated":true}]}}